{"id":1299,"date":"2020-05-13T09:52:01","date_gmt":"2020-05-13T09:52:01","guid":{"rendered":"https:\/\/hendon.qodeinteractive.com\/?page_id=1299"},"modified":"2024-02-16T11:21:22","modified_gmt":"2024-02-16T10:21:22","slug":"faq","status":"publish","type":"page","link":"https:\/\/kleosimmobiliare.com\/index.php\/faq\/","title":{"rendered":"FAQ"},"content":{"rendered":"\t\t<div data-elementor-type=\"wp-page\" data-elementor-id=\"1299\" class=\"elementor elementor-1299\">\n\t\t\t\t\t\t<section class=\"elementor-section elementor-top-section elementor-element elementor-element-238833d elementor-section-full_width elementor-section-height-default elementor-section-height-default qodef-elementor-content-no\" data-id=\"238833d\" data-element_type=\"section\">\n\t\t\t\t\t\t<div class=\"elementor-container elementor-column-gap-no\">\n\t\t\t\t\t<div class=\"elementor-column elementor-col-100 elementor-top-column elementor-element elementor-element-683e1cc\" data-id=\"683e1cc\" data-element_type=\"column\">\n\t\t\t<div class=\"elementor-widget-wrap elementor-element-populated\">\n\t\t\t\t\t\t<div class=\"elementor-element elementor-element-a37927d elementor-widget elementor-widget-heading\" data-id=\"a37927d\" data-element_type=\"widget\" data-widget_type=\"heading.default\">\n\t\t\t\t<div class=\"elementor-widget-container\">\n\t\t\t\t\t<h4 class=\"elementor-heading-title elementor-size-default\">1. Come prenotare una visita?<\/h4>\t\t\t\t<\/div>\n\t\t\t\t<\/div>\n\t\t\t\t<div class=\"elementor-element elementor-element-545e797 elementor-widget elementor-widget-text-editor\" data-id=\"545e797\" data-element_type=\"widget\" data-widget_type=\"text-editor.default\">\n\t\t\t\t<div class=\"elementor-widget-container\">\n\t\t\t\t\t\t\t\t\t<p>Per prenotare una visita si pu\u00f2 utilizzare il form presente sul nostro sito e attendere una conferma da parte nostra, oppure se preferite potete contattare direttamente i nostri uffici al seguente numero: +39 0115622992<\/p>\t\t\t\t\t\t\t\t<\/div>\n\t\t\t\t<\/div>\n\t\t\t\t\t<\/div>\n\t\t<\/div>\n\t\t\t\t\t<\/div>\n\t\t<\/section>\n\t\t\t\t<section class=\"elementor-section elementor-top-section elementor-element elementor-element-76e8856 elementor-section-full_width elementor-section-height-default elementor-section-height-default qodef-elementor-content-no\" data-id=\"76e8856\" data-element_type=\"section\">\n\t\t\t\t\t\t<div class=\"elementor-container elementor-column-gap-no\">\n\t\t\t\t\t<div class=\"elementor-column elementor-col-100 elementor-top-column elementor-element elementor-element-07ba46a\" data-id=\"07ba46a\" data-element_type=\"column\">\n\t\t\t<div class=\"elementor-widget-wrap elementor-element-populated\">\n\t\t\t\t\t\t<div class=\"elementor-element elementor-element-c0a96b6 elementor-widget elementor-widget-heading\" data-id=\"c0a96b6\" data-element_type=\"widget\" data-widget_type=\"heading.default\">\n\t\t\t\t<div class=\"elementor-widget-container\">\n\t\t\t\t\t<h4 class=\"elementor-heading-title elementor-size-default\">2. Che tipo di capitolato fornite?<\/h4>\t\t\t\t<\/div>\n\t\t\t\t<\/div>\n\t\t\t\t<div class=\"elementor-element elementor-element-b11aeae elementor-widget elementor-widget-text-editor\" data-id=\"b11aeae\" data-element_type=\"widget\" data-widget_type=\"text-editor.default\">\n\t\t\t\t<div class=\"elementor-widget-container\">\n\t\t\t\t\t\t\t\t\tIl tipo di capitolato fornito varia da operazione a operazione, ma \u00e8 sempre di alto livello. Solitamente includiamo sanitari sospesi, rubinetteria di qualit\u00e0 e piatti doccia, oltre alla possibilit\u00e0 di scegliere parquet o materiali similari per tutto l&#8217;alloggio. Inoltre, forniamo sistemi di ventilazione meccanica controllata (VMC) e riscaldamento\/raffrescamento a pavimento. L&#8217;impianto elettrico \u00e8 di ultima generazione, incluso un livello 2 di domotica. La maggior parte degli alloggi realizzati sono termoautonomi, con pompa di calore. Laddove questo non fosse possibile realizzare impianti autonomi verr\u00e0 realizzato un impianto condominiale con collegamento al teleriscaldamento. Gli alloggi sono tutti in classe A3 o superiore e includono anche un impianto fotovoltaico per la produzione di energia sostenibile.\t\t\t\t\t\t\t\t<\/div>\n\t\t\t\t<\/div>\n\t\t\t\t\t<\/div>\n\t\t<\/div>\n\t\t\t\t\t<\/div>\n\t\t<\/section>\n\t\t\t\t<section class=\"elementor-section elementor-top-section elementor-element elementor-element-99169c9 elementor-section-full_width elementor-section-height-default elementor-section-height-default qodef-elementor-content-no\" data-id=\"99169c9\" data-element_type=\"section\">\n\t\t\t\t\t\t<div class=\"elementor-container elementor-column-gap-no\">\n\t\t\t\t\t<div class=\"elementor-column elementor-col-100 elementor-top-column elementor-element elementor-element-070db9f\" data-id=\"070db9f\" data-element_type=\"column\">\n\t\t\t<div class=\"elementor-widget-wrap elementor-element-populated\">\n\t\t\t\t\t\t<div class=\"elementor-element elementor-element-ade5426 elementor-widget elementor-widget-heading\" data-id=\"ade5426\" data-element_type=\"widget\" data-widget_type=\"heading.default\">\n\t\t\t\t<div class=\"elementor-widget-container\">\n\t\t\t\t\t<h4 class=\"elementor-heading-title elementor-size-default\">3. Offrite anche servizi accessori?<\/h4>\t\t\t\t<\/div>\n\t\t\t\t<\/div>\n\t\t\t\t<div class=\"elementor-element elementor-element-8093085 elementor-widget elementor-widget-text-editor\" data-id=\"8093085\" data-element_type=\"widget\" data-widget_type=\"text-editor.default\">\n\t\t\t\t<div class=\"elementor-widget-container\">\n\t\t\t\t\t\t\t\t\tS\u00ec, offriamo diversi servizi accessori per accompagnarti fino al completamento dell&#8217;alloggio. Il nostro servizio di interior design offre la possibilit\u00e0 di arredare tutto l&#8217;alloggio o parte di esso, aiutandoti nella scelta della cucina o di qualsiasi altro ambiente ti possa interessare. Possiamo assisterti anche nella realizzazione di giardini o nell&#8217;installazione di mini piscine su terrazzi o all&#8217;interno dell&#8217;alloggio. Offriamo inoltre la possibilit\u00e0 di decorare i muri con materiali e colori pregiati, scelti dal cliente. Infine, diamo la possibilit\u00e0 di ricevere l&#8217;alloggio chiavi in mano, in modo che il cliente possa entrare subito in casa dopo l&#8217;atto di acquisto.\t\t\t\t\t\t\t\t<\/div>\n\t\t\t\t<\/div>\n\t\t\t\t\t<\/div>\n\t\t<\/div>\n\t\t\t\t\t<\/div>\n\t\t<\/section>\n\t\t\t\t<section class=\"elementor-section elementor-top-section elementor-element elementor-element-f57a620 elementor-section-full_width elementor-section-height-default elementor-section-height-default qodef-elementor-content-no\" data-id=\"f57a620\" data-element_type=\"section\">\n\t\t\t\t\t\t<div class=\"elementor-container elementor-column-gap-no\">\n\t\t\t\t\t<div class=\"elementor-column elementor-col-100 elementor-top-column elementor-element elementor-element-7c0ebe4\" data-id=\"7c0ebe4\" data-element_type=\"column\">\n\t\t\t<div class=\"elementor-widget-wrap elementor-element-populated\">\n\t\t\t\t\t\t<div class=\"elementor-element elementor-element-15ee333 elementor-widget elementor-widget-heading\" data-id=\"15ee333\" data-element_type=\"widget\" data-widget_type=\"heading.default\">\n\t\t\t\t<div class=\"elementor-widget-container\">\n\t\t\t\t\t<h4 class=\"elementor-heading-title elementor-size-default\">4. Gli alloggi sono personalizzabili?<\/h4>\t\t\t\t<\/div>\n\t\t\t\t<\/div>\n\t\t\t\t<div class=\"elementor-element elementor-element-073d96d elementor-widget elementor-widget-text-editor\" data-id=\"073d96d\" data-element_type=\"widget\" data-widget_type=\"text-editor.default\">\n\t\t\t\t<div class=\"elementor-widget-container\">\n\t\t\t\t\t\t\t\t\t<p>Assolutamente s\u00ec. Gli alloggi sono completamente personalizzabili. Maggiore \u00e8 la fase di prenotazione, maggiori sono le opzioni di personalizzazione disponibili. Possiamo aiutarti a personalizzare gli spazi, adattandoli alle tue esigenze specifiche e creando ambienti su misura per te. Inoltre, offriamo la possibilit\u00e0 di aggiungere varianti agli impianti per raggiungere livelli di domotica pi\u00f9 avanzati. I prezzi di queste varianti sono chiaramente definiti e trasparenti fin da subito.<\/p>\t\t\t\t\t\t\t\t<\/div>\n\t\t\t\t<\/div>\n\t\t\t\t\t<\/div>\n\t\t<\/div>\n\t\t\t\t\t<\/div>\n\t\t<\/section>\n\t\t\t\t<section class=\"elementor-section elementor-top-section elementor-element elementor-element-1af345a elementor-section-full_width elementor-section-height-default elementor-section-height-default qodef-elementor-content-no\" data-id=\"1af345a\" data-element_type=\"section\">\n\t\t\t\t\t\t<div class=\"elementor-container elementor-column-gap-no\">\n\t\t\t\t\t<div class=\"elementor-column elementor-col-100 elementor-top-column elementor-element elementor-element-dea3b66\" data-id=\"dea3b66\" data-element_type=\"column\">\n\t\t\t<div class=\"elementor-widget-wrap elementor-element-populated\">\n\t\t\t\t\t\t<div class=\"elementor-element elementor-element-dcb5503 elementor-widget elementor-widget-heading\" data-id=\"dcb5503\" data-element_type=\"widget\" data-widget_type=\"heading.default\">\n\t\t\t\t<div class=\"elementor-widget-container\">\n\t\t\t\t\t<h4 class=\"elementor-heading-title elementor-size-default\">5. Che garanzie Offrite?<\/h4>\t\t\t\t<\/div>\n\t\t\t\t<\/div>\n\t\t\t\t<div class=\"elementor-element elementor-element-f347ede elementor-widget elementor-widget-text-editor\" data-id=\"f347ede\" data-element_type=\"widget\" data-widget_type=\"text-editor.default\">\n\t\t\t\t<div class=\"elementor-widget-container\">\n\t\t\t\t\t\t\t\t\t<p>Offriamo una serie di garanzie per assicurare la qualit\u00e0 e la sicurezza delle nostre costruzioni. Oltre alla garanzia di legge decennale postuma, che copre i difetti strutturali dell&#8217;edificio, l&#8217;impermeabilizzazione della parte interna ed esterna dell\u2019immobile e i rivestimenti interni compresi i pavimenti per dieci anni dalla sua ultimazione, garantiamo la conformit\u00e0 agli standard di costruzione e alle normative vigenti, fornendo una garanzia sui materiali utilizzati e sull&#8217;esecuzione dei lavori. Ci impegniamo a risolvere eventuali difetti nel pi\u00f9 breve tempo possibile dopo la consegna dell&#8217;alloggio. La soddisfazione del cliente \u00e8 la nostra priorit\u00e0, e ci impegniamo a mantenere elevati standard di qualit\u00e0 in tutte le fasi del processo.<\/p>\t\t\t\t\t\t\t\t<\/div>\n\t\t\t\t<\/div>\n\t\t\t\t\t<\/div>\n\t\t<\/div>\n\t\t\t\t\t<\/div>\n\t\t<\/section>\n\t\t\t\t<\/div>\n\t\t","protected":false},"excerpt":{"rendered":"<p>1. Come prenotare una visita? Per prenotare una visita si pu\u00f2 utilizzare il form presente sul nostro sito e attendere una conferma da parte nostra, oppure se preferite potete contattare direttamente i nostri uffici al seguente numero: +39 0115622992 2. Che tipo di capitolato fornite? Il tipo di capitolato fornito varia da operazione a operazione, [&hellip;]<\/p>\n","protected":false},"author":1,"featured_media":0,"parent":0,"menu_order":0,"comment_status":"closed","ping_status":"closed","template":"","meta":{"om_disable_all_campaigns":false,"_monsterinsights_skip_tracking":false,"_monsterinsights_sitenote_active":false,"_monsterinsights_sitenote_note":"","_monsterinsights_sitenote_category":0,"_uf_show_specific_survey":0,"_uf_disable_surveys":false,"footnotes":""},"folder":[],"class_list":["post-1299","page","type-page","status-publish","hentry"],"aioseo_notices":[],"_links":{"self":[{"href":"https:\/\/kleosimmobiliare.com\/index.php\/wp-json\/wp\/v2\/pages\/1299","targetHints":{"allow":["GET"]}}],"collection":[{"href":"https:\/\/kleosimmobiliare.com\/index.php\/wp-json\/wp\/v2\/pages"}],"about":[{"href":"https:\/\/kleosimmobiliare.com\/index.php\/wp-json\/wp\/v2\/types\/page"}],"author":[{"embeddable":true,"href":"https:\/\/kleosimmobiliare.com\/index.php\/wp-json\/wp\/v2\/users\/1"}],"replies":[{"embeddable":true,"href":"https:\/\/kleosimmobiliare.com\/index.php\/wp-json\/wp\/v2\/comments?post=1299"}],"version-history":[{"count":3,"href":"https:\/\/kleosimmobiliare.com\/index.php\/wp-json\/wp\/v2\/pages\/1299\/revisions"}],"predecessor-version":[{"id":3181,"href":"https:\/\/kleosimmobiliare.com\/index.php\/wp-json\/wp\/v2\/pages\/1299\/revisions\/3181"}],"wp:attachment":[{"href":"https:\/\/kleosimmobiliare.com\/index.php\/wp-json\/wp\/v2\/media?parent=1299"}],"wp:term":[{"taxonomy":"folder","embeddable":true,"href":"https:\/\/kleosimmobiliare.com\/index.php\/wp-json\/wp\/v2\/folder?post=1299"}],"curies":[{"name":"wp","href":"https:\/\/api.w.org\/{rel}","templated":true}]}}